{"id":222,"date":"2025-06-28T21:52:38","date_gmt":"2025-06-28T21:52:38","guid":{"rendered":"https:\/\/yxk.qfc.mybluehost.me\/website_e66f80a6\/?page_id=222"},"modified":"2025-08-09T23:29:25","modified_gmt":"2025-08-09T23:29:25","slug":"about-us","status":"publish","type":"page","link":"https:\/\/aliancoservices.com\/es\/about-us\/","title":{"rendered":"Quienes Somos"},"content":{"rendered":"<div class=\"wp-block-group alignfull is-layout-flow wp-block-group-is-layout-flow\" id=\"hero\">\n<div class=\"nfd-stretch-cover-child nfd-bg-gray-800 alignfull wp-block-cover is-light\" style=\"margin-top:0;margin-bottom:0;padding-top:0;padding-right:0;padding-bottom:0;padding-left:0;min-height:235px;aspect-ratio:unset;\"><img data-recalc-dims=\"1\" decoding=\"async\" width=\"1024\" height=\"682\" loading=\"lazy\" class=\"wp-block-cover__image-background wp-image-61 size-full\" alt=\"\" src=\"https:\/\/i0.wp.com\/website-e66f80a6.yxk.qfc.mybluehost.me\/website_e66f80a6\/wp-content\/uploads\/2025\/06\/border.webp?resize=1024%2C682&#038;ssl=1\" data-object-fit=\"cover\" srcset=\"https:\/\/i0.wp.com\/aliancoservices.com\/wp-content\/uploads\/2025\/06\/border.webp?w=1024&amp;ssl=1 1024w, https:\/\/i0.wp.com\/aliancoservices.com\/wp-content\/uploads\/2025\/06\/border.webp?resize=300%2C200&amp;ssl=1 300w, https:\/\/i0.wp.com\/aliancoservices.com\/wp-content\/uploads\/2025\/06\/border.webp?resize=768%2C512&amp;ssl=1 768w\" sizes=\"auto, (max-width: 1000px) 100vw, 1000px\" \/><span aria-hidden=\"true\" class=\"wp-block-cover__background has-background-dim-40 has-background-dim\" style=\"background-color:#7b8587\"><\/span><div class=\"wp-block-cover__inner-container is-layout-flow wp-block-cover-is-layout-flow\">\n<div class=\"nfd-px-base nfd-grow nfd-w-full md:nfd-border-none alignfull wp-block-group is-vertical is-content-justification-center is-nowrap is-layout-flex wp-container-core-group-is-layout-68c00e40 wp-block-group-is-layout-flex\" style=\"border-top-style:none;border-top-width:0px;border-right-color:var(--wp--preset--color--white);border-right-width:32px;border-bottom-color:var(--wp--preset--color--white);border-bottom-width:32px;border-left-color:var(--wp--preset--color--white);border-left-width:32px\">\n<h1 class=\"nfd-text-giga md:nfd-text-left nfd-text-current md:nfd-no-br wp-block-heading has-text-align-center\">Acerca de Alianco<\/h1>\n<\/div>\n<\/div><\/div>\n<\/div>\n\n\n\n<div class=\"nfd-container nfd-p-md nfd-pb-lg is-style-nfd-theme-white wp-block-group has-global-padding is-layout-constrained wp-container-core-group-is-layout-81828466 wp-block-group-is-layout-constrained\">\n<div class=\"nfd-gap-3xl nfd-gap-y-2xl wp-block-columns are-vertically-aligned-center is-layout-flex wp-container-core-columns-is-layout-28f84493 wp-block-columns-is-layout-flex\">\n<div class=\"wp-block-column is-vertically-aligned-center is-layout-flow wp-block-column-is-layout-flow\">\n<figure class=\"nfd-rounded wp-block-image size-full\"><img data-recalc-dims=\"1\" decoding=\"async\" width=\"600\" height=\"902\" loading=\"lazy\" src=\"https:\/\/i0.wp.com\/website-e66f80a6.yxk.qfc.mybluehost.me\/wp-content\/uploads\/2025\/06\/staffing.webp?resize=600%2C902&#038;ssl=1\" alt=\"\" class=\"wp-image-59\" style=\"aspect-ratio:3\/4;object-fit:cover\" srcset=\"https:\/\/i0.wp.com\/aliancoservices.com\/wp-content\/uploads\/2025\/06\/staffing.webp?w=600&amp;ssl=1 600w, https:\/\/i0.wp.com\/aliancoservices.com\/wp-content\/uploads\/2025\/06\/staffing.webp?resize=200%2C300&amp;ssl=1 200w\" sizes=\"auto, (max-width: 600px) 100vw, 600px\" \/><\/figure>\n<\/div>\n\n\n\n<div class=\"nfd-gap-lg wp-block-column is-vertically-aligned-center is-layout-flow wp-block-column-is-layout-flow\">\n<div class=\"nfd-text-md nfd-gap-lg wp-block-group is-vertical is-content-justification-stretch is-layout-flex wp-container-core-group-is-layout-03ea0e6e wp-block-group-is-layout-flex\">\n<h2 class=\"wp-block-heading\">Quienes Somos<\/h2>\n\n\n\n<h1 class=\"wp-block-heading\">Asesores en desarrollo de negocios, regulaci\u00f3n y an\u00e1lisis de mercado.<\/h1>\n\n\n\n<p class=\"\">Con sede en Plano, Texas, Alianco es una firma de consultor\u00eda empresarial dedicada a ayudar a las empresas latinoamericanas a establecerse y crecer con \u00e9xito en Estados Unidos.<br>Ofrecemos soporte estrat\u00e9gico en cumplimiento normativo, licencias, operaciones y entrada al mercado, con asesor\u00eda biling\u00fce y una s\u00f3lida experiencia transfronteriza que simplifica tu expansi\u00f3n y te prepara para un \u00e9xito sostenible a largo plazo<\/p>\n\n\n\n<div class=\"nfd-text-md wp-block-buttons is-content-justification-left is-layout-flex wp-container-core-buttons-is-layout-fc4fd283 wp-block-buttons-is-layout-flex\">\n<div class=\"nfd-btn-xl nfd-rounded-full wp-block-button\"><a class=\"wp-block-button__link wp-element-button\" href=\"https:\/\/aliancoservices.com\/es\/jetpack-forms\/\">Solicita una consultoria<\/a><\/div>\n<\/div>\n<\/div>\n<\/div>\n<\/div>\n<\/div>\n\n\n\n<div class=\"nfd-p-md nfd-pb-lg nfd-container  nfd-gap-xl is-style-nfd-theme-white wp-block-group alignfull has-global-padding is-layout-constrained wp-container-core-group-is-layout-81828466 wp-block-group-is-layout-constrained\">\n<div class=\"nfd-container nfd-p-md is-style-nfd-theme-dark wp-block-group has-contrast-background-color has-background has-global-padding is-layout-constrained wp-block-group-is-layout-constrained\">\n<h2 class=\"wp-block-heading\">More About Us<\/h2>\n\n\n\n<div class=\"wp-block-columns is-layout-flex wp-container-core-columns-is-layout-f5a44f5b wp-block-columns-is-layout-flex\">\n<div class=\"wp-block-column is-vertically-aligned-center is-layout-flow wp-container-core-column-is-layout-1a0eff7f wp-block-column-is-layout-flow\" style=\"flex-basis:50%\">\n<h2 class=\"nfd-text-contrast nfd-text-huge nfd-text-balance wp-block-heading has-x-large-font-size\" style=\"font-style:normal;font-weight:500\">Impulsamos a las empresas latinoamericanas para que crezcan con confianza en Estados Unidos.<\/h2>\n<\/div>\n\n\n\n<div class=\"wp-block-column is-vertically-aligned-center is-layout-flow wp-container-core-column-is-layout-a77db08e wp-block-column-is-layout-flow\" style=\"flex-basis:470px\">\n<p class=\"nfd-text-faded nfd-text-balance nfd-text-md has-text-align-left\">We are a commercial consulting firm based in Texas that helps Latin American businesses enter and grow in the U.S. market. With over 25 years of sales strategy and execution experience across industries like consumer goods and logistics, we offer flexible, fractional support tailored to your goals. Whether you&#8217;re launching, scaling, or repositioning, we reduce your time to market, optimize costs, and help you succeed faster.<\/p>\n<\/div>\n<\/div>\n<\/div>\n\n\n\n<div class=\"nfd-container nfd-p-md is-style-nfd-theme-white wp-block-group has-global-padding is-layout-constrained wp-block-group-is-layout-constrained\">\n<h2 class=\"wp-block-heading\">Lo que hacemos<\/h2>\n\n\n\n<div class=\"nfd-gap-xl nfd-gap-y-2xl wp-block-columns is-layout-flex wp-container-core-columns-is-layout-28f84493 wp-block-columns-is-layout-flex\">\n<div class=\"wp-block-column is-layout-flow wp-block-column-is-layout-flow\">\n<figure class=\"nfd-rounded-sm wp-block-image size-full\"><img data-recalc-dims=\"1\" decoding=\"async\" width=\"1024\" height=\"683\" loading=\"lazy\" src=\"https:\/\/i0.wp.com\/website-e66f80a6.yxk.qfc.mybluehost.me\/wp-content\/uploads\/2025\/06\/regulatory.webp?resize=1024%2C683&#038;ssl=1\" alt=\"\" class=\"wp-image-37\" style=\"aspect-ratio:16\/9;object-fit:cover\" srcset=\"https:\/\/i0.wp.com\/aliancoservices.com\/wp-content\/uploads\/2025\/06\/regulatory.webp?w=1024&amp;ssl=1 1024w, https:\/\/i0.wp.com\/aliancoservices.com\/wp-content\/uploads\/2025\/06\/regulatory.webp?resize=300%2C200&amp;ssl=1 300w, https:\/\/i0.wp.com\/aliancoservices.com\/wp-content\/uploads\/2025\/06\/regulatory.webp?resize=768%2C512&amp;ssl=1 768w\" sizes=\"auto, (max-width: 1000px) 100vw, 1000px\" \/><\/figure>\n\n\n\n<div class=\"wp-block-group is-vertical is-content-justification-stretch is-layout-flex wp-container-core-group-is-layout-38a18bb4 wp-block-group-is-layout-flex\">\n<h3 class=\"nfd-text-lg nfd-text-contrast wp-block-heading\">Regulaci\u00f3n y Cumplimiento<\/h3>\n\n\n\n<p class=\"nfd-text-base nfd-text-balance\">Te guiamos en el registro de tu empresa, licencias y certificaciones a nivel federal, estatal y local para que cumplas con todos los requisitos desde el inicio.<\/p>\n<\/div>\n<\/div>\n\n\n\n<div class=\"wp-block-column is-layout-flow wp-block-column-is-layout-flow\">\n<figure class=\"nfd-rounded-sm wp-block-image size-full\"><img data-recalc-dims=\"1\" decoding=\"async\" width=\"1024\" height=\"683\" loading=\"lazy\" src=\"https:\/\/i0.wp.com\/website-e66f80a6.yxk.qfc.mybluehost.me\/wp-content\/uploads\/2025\/06\/strategic.webp?resize=1024%2C683&#038;ssl=1\" alt=\"\" class=\"wp-image-39\" style=\"aspect-ratio:16\/9;object-fit:cover\" srcset=\"https:\/\/i0.wp.com\/aliancoservices.com\/wp-content\/uploads\/2025\/06\/strategic.webp?w=1024&amp;ssl=1 1024w, https:\/\/i0.wp.com\/aliancoservices.com\/wp-content\/uploads\/2025\/06\/strategic.webp?resize=300%2C200&amp;ssl=1 300w, https:\/\/i0.wp.com\/aliancoservices.com\/wp-content\/uploads\/2025\/06\/strategic.webp?resize=768%2C512&amp;ssl=1 768w\" sizes=\"auto, (max-width: 1000px) 100vw, 1000px\" \/><\/figure>\n\n\n\n<div class=\"wp-block-group is-vertical is-content-justification-stretch is-layout-flex wp-container-core-group-is-layout-38a18bb4 wp-block-group-is-layout-flex\">\n<h3 class=\"nfd-text-lg nfd-text-contrast wp-block-heading\">Planeaci\u00f3n Estrat\u00e9gica y Entrada al Mercado<\/h3>\n\n\n\n<p class=\"nfd-text-base nfd-text-balance has-text-align-left\">Definimos contigo tus puntos de entrada con planificaci\u00f3n comercial detallada, modelos financieros y an\u00e1lisis de mercado.<\/p>\n<\/div>\n<\/div>\n\n\n\n<div class=\"wp-block-column is-layout-flow wp-block-column-is-layout-flow\">\n<figure class=\"nfd-rounded-sm wp-block-image size-full\"><img data-recalc-dims=\"1\" decoding=\"async\" width=\"1024\" height=\"660\" loading=\"lazy\" src=\"https:\/\/i0.wp.com\/website-e66f80a6.yxk.qfc.mybluehost.me\/wp-content\/uploads\/2025\/06\/distribution.webp?resize=1024%2C660&#038;ssl=1\" alt=\"\" class=\"wp-image-35\" style=\"aspect-ratio:16\/9;object-fit:cover\" srcset=\"https:\/\/i0.wp.com\/aliancoservices.com\/wp-content\/uploads\/2025\/06\/distribution.webp?w=1024&amp;ssl=1 1024w, https:\/\/i0.wp.com\/aliancoservices.com\/wp-content\/uploads\/2025\/06\/distribution.webp?resize=300%2C193&amp;ssl=1 300w, https:\/\/i0.wp.com\/aliancoservices.com\/wp-content\/uploads\/2025\/06\/distribution.webp?resize=768%2C495&amp;ssl=1 768w\" sizes=\"auto, (max-width: 1000px) 100vw, 1000px\" \/><\/figure>\n\n\n\n<div class=\"wp-block-group is-vertical is-content-justification-stretch is-layout-flex wp-container-core-group-is-layout-38a18bb4 wp-block-group-is-layout-flex\">\n<h3 class=\"nfd-text-lg nfd-text-contrast wp-block-heading\">Ventas, Distribuci\u00f3n y Talento<\/h3>\n\n\n\n<p class=\"nfd-text-base nfd-text-balance\">Te ayudamos a construir tu equipo en Estados Unidos., lanzar tu estrategia comercial y conectarte con socios de distribuci\u00f3n.<\/p>\n<\/div>\n<\/div>\n\n\n\n<div class=\"wp-block-column is-layout-flow wp-block-column-is-layout-flow\">\n<figure class=\"nfd-rounded-sm wp-block-image size-full\"><img data-recalc-dims=\"1\" decoding=\"async\" width=\"1024\" height=\"683\" loading=\"lazy\" src=\"https:\/\/i0.wp.com\/website-e66f80a6.yxk.qfc.mybluehost.me\/wp-content\/uploads\/2025\/06\/coaching.webp?resize=1024%2C683&#038;ssl=1\" alt=\"\" class=\"wp-image-33\" style=\"aspect-ratio:16\/9;object-fit:cover\" srcset=\"https:\/\/i0.wp.com\/aliancoservices.com\/wp-content\/uploads\/2025\/06\/coaching.webp?w=1024&amp;ssl=1 1024w, https:\/\/i0.wp.com\/aliancoservices.com\/wp-content\/uploads\/2025\/06\/coaching.webp?resize=300%2C200&amp;ssl=1 300w, https:\/\/i0.wp.com\/aliancoservices.com\/wp-content\/uploads\/2025\/06\/coaching.webp?resize=768%2C512&amp;ssl=1 768w\" sizes=\"auto, (max-width: 1000px) 100vw, 1000px\" \/><\/figure>\n\n\n\n<div class=\"wp-block-group is-vertical is-content-justification-stretch is-layout-flex wp-container-core-group-is-layout-38a18bb4 wp-block-group-is-layout-flex\">\n<h3 class=\"nfd-text-lg nfd-text-contrast wp-block-heading\">Soporte de Nearshoring<\/h3>\n\n\n\n<p class=\"nfd-text-base nfd-text-balance\">Apoyamos a empresas estadounidenses a expandir sus operaciones a M\u00e9xico con la selecci\u00f3n de ubicaci\u00f3n, cumplimiento regulatorio, contrataci\u00f3n de talento y coordinaci\u00f3n de proveedores.<\/p>\n<\/div>\n<\/div>\n<\/div>\n<\/div>\n<\/div>","protected":false},"excerpt":{"rendered":"<p>About Us Business growth consultants, compliance specialists, and market analysts. Headquartered in Plano, Texas, Alianco is a business consulting firm dedicated to helping Latin American companies successfully establish and grow in the United States.We provide strategic support across compliance, licensing, operations, and market entry \u2014 with bilingual guidance and deep cross-border expertise that simplifies your [&hellip;]<\/p>\n","protected":false},"author":1,"featured_media":0,"parent":0,"menu_order":0,"comment_status":"closed","ping_status":"closed","template":"","meta":{"nf_dc_page":"","om_disable_all_campaigns":false,"_monsterinsights_skip_tracking":false,"_monsterinsights_sitenote_active":false,"_monsterinsights_sitenote_note":"","_monsterinsights_sitenote_category":0,"footnotes":""},"class_list":["post-222","page","type-page","status-publish","hentry"],"yoast_head":"<!-- This site is optimized with the Yoast SEO plugin v27.5 - https:\/\/yoast.com\/product\/yoast-seo-wordpress\/ -->\n<title>About Us - Alianco Services<\/title>\n<meta name=\"robots\" content=\"index, follow, max-snippet:-1, max-image-preview:large, max-video-preview:-1\" \/>\n<link rel=\"canonical\" href=\"https:\/\/aliancoservices.com\/es\/about-us\/\" \/>\n<meta property=\"og:locale\" content=\"es_MX\" \/>\n<meta property=\"og:type\" content=\"article\" \/>\n<meta property=\"og:title\" content=\"About Us - Alianco Services\" \/>\n<meta property=\"og:description\" content=\"About Us Business growth consultants, compliance specialists, and market analysts. Headquartered in Plano, Texas, Alianco is a business consulting firm dedicated to helping Latin American companies successfully establish and grow in the United States.We provide strategic support across compliance, licensing, operations, and market entry \u2014 with bilingual guidance and deep cross-border expertise that simplifies your [&hellip;]\" \/>\n<meta property=\"og:url\" content=\"https:\/\/aliancoservices.com\/es\/about-us\/\" \/>\n<meta property=\"og:site_name\" content=\"Alianco Services\" \/>\n<meta property=\"article:modified_time\" content=\"2025-08-09T23:29:25+00:00\" \/>\n<meta property=\"og:image\" content=\"https:\/\/website-e66f80a6.yxk.qfc.mybluehost.me\/website_e66f80a6\/wp-content\/uploads\/2025\/06\/border.webp\" \/>\n<meta name=\"twitter:card\" content=\"summary_large_image\" \/>\n<meta name=\"twitter:label1\" content=\"Tiempo de lectura\" \/>\n\t<meta name=\"twitter:data1\" content=\"3 minutos\" \/>\n<script type=\"application\/ld+json\" class=\"yoast-schema-graph\">{\"@context\":\"https:\\\/\\\/schema.org\",\"@graph\":[{\"@type\":\"WebPage\",\"@id\":\"https:\\\/\\\/aliancoservices.com\\\/about-us\\\/\",\"url\":\"https:\\\/\\\/aliancoservices.com\\\/about-us\\\/\",\"name\":\"About Us - Alianco Services\",\"isPartOf\":{\"@id\":\"https:\\\/\\\/aliancoservices.com\\\/#website\"},\"primaryImageOfPage\":{\"@id\":\"https:\\\/\\\/aliancoservices.com\\\/about-us\\\/#primaryimage\"},\"image\":{\"@id\":\"https:\\\/\\\/aliancoservices.com\\\/about-us\\\/#primaryimage\"},\"thumbnailUrl\":\"https:\\\/\\\/website-e66f80a6.yxk.qfc.mybluehost.me\\\/website_e66f80a6\\\/wp-content\\\/uploads\\\/2025\\\/06\\\/border.webp\",\"datePublished\":\"2025-06-28T21:52:38+00:00\",\"dateModified\":\"2025-08-09T23:29:25+00:00\",\"breadcrumb\":{\"@id\":\"https:\\\/\\\/aliancoservices.com\\\/about-us\\\/#breadcrumb\"},\"inLanguage\":\"es\",\"potentialAction\":[{\"@type\":\"ReadAction\",\"target\":[\"https:\\\/\\\/aliancoservices.com\\\/about-us\\\/\"]}]},{\"@type\":\"ImageObject\",\"inLanguage\":\"es\",\"@id\":\"https:\\\/\\\/aliancoservices.com\\\/about-us\\\/#primaryimage\",\"url\":\"https:\\\/\\\/website-e66f80a6.yxk.qfc.mybluehost.me\\\/website_e66f80a6\\\/wp-content\\\/uploads\\\/2025\\\/06\\\/border.webp\",\"contentUrl\":\"https:\\\/\\\/website-e66f80a6.yxk.qfc.mybluehost.me\\\/website_e66f80a6\\\/wp-content\\\/uploads\\\/2025\\\/06\\\/border.webp\"},{\"@type\":\"BreadcrumbList\",\"@id\":\"https:\\\/\\\/aliancoservices.com\\\/about-us\\\/#breadcrumb\",\"itemListElement\":[{\"@type\":\"ListItem\",\"position\":1,\"name\":\"Home\",\"item\":\"https:\\\/\\\/aliancoservices.com\\\/\"},{\"@type\":\"ListItem\",\"position\":2,\"name\":\"About Us\"}]},{\"@type\":\"WebSite\",\"@id\":\"https:\\\/\\\/aliancoservices.com\\\/#website\",\"url\":\"https:\\\/\\\/aliancoservices.com\\\/\",\"name\":\"Alianco Services\",\"description\":\"\",\"publisher\":{\"@id\":\"https:\\\/\\\/aliancoservices.com\\\/#organization\"},\"potentialAction\":[{\"@type\":\"SearchAction\",\"target\":{\"@type\":\"EntryPoint\",\"urlTemplate\":\"https:\\\/\\\/aliancoservices.com\\\/?s={search_term_string}\"},\"query-input\":{\"@type\":\"PropertyValueSpecification\",\"valueRequired\":true,\"valueName\":\"search_term_string\"}}],\"inLanguage\":\"es\"},{\"@type\":\"Organization\",\"@id\":\"https:\\\/\\\/aliancoservices.com\\\/#organization\",\"name\":\"Alianco Services\",\"url\":\"https:\\\/\\\/aliancoservices.com\\\/\",\"logo\":{\"@type\":\"ImageObject\",\"inLanguage\":\"es\",\"@id\":\"https:\\\/\\\/aliancoservices.com\\\/#\\\/schema\\\/logo\\\/image\\\/\",\"url\":\"https:\\\/\\\/i0.wp.com\\\/aliancoservices.com\\\/wp-content\\\/uploads\\\/2025\\\/06\\\/logo_alianco.cbecd199.webp?fit=400%2C401&ssl=1\",\"contentUrl\":\"https:\\\/\\\/i0.wp.com\\\/aliancoservices.com\\\/wp-content\\\/uploads\\\/2025\\\/06\\\/logo_alianco.cbecd199.webp?fit=400%2C401&ssl=1\",\"width\":400,\"height\":401,\"caption\":\"Alianco Services\"},\"image\":{\"@id\":\"https:\\\/\\\/aliancoservices.com\\\/#\\\/schema\\\/logo\\\/image\\\/\"}}]}<\/script>\n<!-- \/ Yoast SEO plugin. -->","yoast_head_json":{"title":"About Us - Alianco Services","robots":{"index":"index","follow":"follow","max-snippet":"max-snippet:-1","max-image-preview":"max-image-preview:large","max-video-preview":"max-video-preview:-1"},"canonical":"https:\/\/aliancoservices.com\/es\/about-us\/","og_locale":"es_MX","og_type":"article","og_title":"About Us - Alianco Services","og_description":"About Us Business growth consultants, compliance specialists, and market analysts. Headquartered in Plano, Texas, Alianco is a business consulting firm dedicated to helping Latin American companies successfully establish and grow in the United States.We provide strategic support across compliance, licensing, operations, and market entry \u2014 with bilingual guidance and deep cross-border expertise that simplifies your [&hellip;]","og_url":"https:\/\/aliancoservices.com\/es\/about-us\/","og_site_name":"Alianco Services","article_modified_time":"2025-08-09T23:29:25+00:00","og_image":[{"url":"https:\/\/website-e66f80a6.yxk.qfc.mybluehost.me\/website_e66f80a6\/wp-content\/uploads\/2025\/06\/border.webp","type":"","width":"","height":""}],"twitter_card":"summary_large_image","twitter_misc":{"Tiempo de lectura":"3 minutos"},"schema":{"@context":"https:\/\/schema.org","@graph":[{"@type":"WebPage","@id":"https:\/\/aliancoservices.com\/about-us\/","url":"https:\/\/aliancoservices.com\/about-us\/","name":"About Us - Alianco Services","isPartOf":{"@id":"https:\/\/aliancoservices.com\/#website"},"primaryImageOfPage":{"@id":"https:\/\/aliancoservices.com\/about-us\/#primaryimage"},"image":{"@id":"https:\/\/aliancoservices.com\/about-us\/#primaryimage"},"thumbnailUrl":"https:\/\/website-e66f80a6.yxk.qfc.mybluehost.me\/website_e66f80a6\/wp-content\/uploads\/2025\/06\/border.webp","datePublished":"2025-06-28T21:52:38+00:00","dateModified":"2025-08-09T23:29:25+00:00","breadcrumb":{"@id":"https:\/\/aliancoservices.com\/about-us\/#breadcrumb"},"inLanguage":"es","potentialAction":[{"@type":"ReadAction","target":["https:\/\/aliancoservices.com\/about-us\/"]}]},{"@type":"ImageObject","inLanguage":"es","@id":"https:\/\/aliancoservices.com\/about-us\/#primaryimage","url":"https:\/\/website-e66f80a6.yxk.qfc.mybluehost.me\/website_e66f80a6\/wp-content\/uploads\/2025\/06\/border.webp","contentUrl":"https:\/\/website-e66f80a6.yxk.qfc.mybluehost.me\/website_e66f80a6\/wp-content\/uploads\/2025\/06\/border.webp"},{"@type":"BreadcrumbList","@id":"https:\/\/aliancoservices.com\/about-us\/#breadcrumb","itemListElement":[{"@type":"ListItem","position":1,"name":"Home","item":"https:\/\/aliancoservices.com\/"},{"@type":"ListItem","position":2,"name":"About Us"}]},{"@type":"WebSite","@id":"https:\/\/aliancoservices.com\/#website","url":"https:\/\/aliancoservices.com\/","name":"Alianco Services","description":"","publisher":{"@id":"https:\/\/aliancoservices.com\/#organization"},"potentialAction":[{"@type":"SearchAction","target":{"@type":"EntryPoint","urlTemplate":"https:\/\/aliancoservices.com\/?s={search_term_string}"},"query-input":{"@type":"PropertyValueSpecification","valueRequired":true,"valueName":"search_term_string"}}],"inLanguage":"es"},{"@type":"Organization","@id":"https:\/\/aliancoservices.com\/#organization","name":"Alianco Services","url":"https:\/\/aliancoservices.com\/","logo":{"@type":"ImageObject","inLanguage":"es","@id":"https:\/\/aliancoservices.com\/#\/schema\/logo\/image\/","url":"https:\/\/i0.wp.com\/aliancoservices.com\/wp-content\/uploads\/2025\/06\/logo_alianco.cbecd199.webp?fit=400%2C401&ssl=1","contentUrl":"https:\/\/i0.wp.com\/aliancoservices.com\/wp-content\/uploads\/2025\/06\/logo_alianco.cbecd199.webp?fit=400%2C401&ssl=1","width":400,"height":401,"caption":"Alianco Services"},"image":{"@id":"https:\/\/aliancoservices.com\/#\/schema\/logo\/image\/"}}]}},"jetpack_sharing_enabled":true,"_links":{"self":[{"href":"https:\/\/aliancoservices.com\/es\/wp-json\/wp\/v2\/pages\/222","targetHints":{"allow":["GET"]}}],"collection":[{"href":"https:\/\/aliancoservices.com\/es\/wp-json\/wp\/v2\/pages"}],"about":[{"href":"https:\/\/aliancoservices.com\/es\/wp-json\/wp\/v2\/types\/page"}],"author":[{"embeddable":true,"href":"https:\/\/aliancoservices.com\/es\/wp-json\/wp\/v2\/users\/1"}],"replies":[{"embeddable":true,"href":"https:\/\/aliancoservices.com\/es\/wp-json\/wp\/v2\/comments?post=222"}],"version-history":[{"count":11,"href":"https:\/\/aliancoservices.com\/es\/wp-json\/wp\/v2\/pages\/222\/revisions"}],"predecessor-version":[{"id":363,"href":"https:\/\/aliancoservices.com\/es\/wp-json\/wp\/v2\/pages\/222\/revisions\/363"}],"wp:attachment":[{"href":"https:\/\/aliancoservices.com\/es\/wp-json\/wp\/v2\/media?parent=222"}],"curies":[{"name":"wp","href":"https:\/\/api.w.org\/{rel}","templated":true}]}}